{"id":370,"date":"2023-02-09T13:27:41","date_gmt":"2023-02-09T13:27:41","guid":{"rendered":"https:\/\/mivatec.ch\/?page_id=370"},"modified":"2023-02-09T13:38:49","modified_gmt":"2023-02-09T13:38:49","slug":"angebote","status":"publish","type":"page","link":"https:\/\/mivatec.ch\/?page_id=370","title":{"rendered":"Angebote"},"content":{"rendered":"<table class=\" aligncenter\" style=\"width: 100%; border-collapse: collapse;\">\n<tbody>\n<tr>\n<td style=\"width: 33.3333%; vertical-align: middle;\"><a style=\"color: #13aff0; text-decoration-style: dotted; text-decoration-skip-ink: none;\" href=\"https:\/\/mivatec.ch\/?page_id=202\"><img loading=\"lazy\" decoding=\"async\" class=\"alignnone size-thumbnail wp-image-204\" src=\"http:\/\/mivatec.ch\/wp-content\/uploads\/2019\/09\/12410_fl\u00fcgel\u00fcberdeckend_wei\u00df_mit-oberlicht-150x150.jpg\" alt=\"\" width=\"150\" height=\"150\">&nbsp;T\u00fcren<\/a><\/td>\n<td style=\"width: 33.3333%;\"><a style=\"color: #13aff0; text-decoration-style: dotted; text-decoration-skip-ink: none;\" href=\"https:\/\/mivatec.ch\/?page_id=198\"><img loading=\"lazy\" decoding=\"async\" class=\"alignnone size-thumbnail wp-image-195\" src=\"http:\/\/mivatec.ch\/wp-content\/uploads\/2019\/09\/Deckenlauftor_GECCO_Innenansicht-150x150.jpg\" alt=\"\" width=\"150\" height=\"150\">&nbsp;Garagentore<\/a><\/td>\n<td style=\"width: 33.3333%;\"><a style=\"color: #13aff0; text-decoration-style: dotted; text-decoration-skip-ink: none;\" href=\"https:\/\/mivatec.ch\/?page_id=177\"><img loading=\"lazy\" decoding=\"async\" class=\"alignnone size-thumbnail wp-image-182\" src=\"http:\/\/mivatec.ch\/wp-content\/uploads\/2019\/09\/IMG_0278-150x150.jpg\" alt=\"\" width=\"150\" height=\"150\">&nbsp;Beleuchtungen<\/a><\/td>\n<\/tr>\n<tr>\n<td style=\"width: 33.3333%;\"><a style=\"color: #13aff0; text-decoration-style: dotted; text-decoration-skip-ink: none;\" href=\"https:\/\/mivatec.ch\/?page_id=157\"><img loading=\"lazy\" decoding=\"async\" class=\"alignnone size-thumbnail wp-image-158\" src=\"http:\/\/mivatec.ch\/wp-content\/uploads\/2019\/09\/Logo_SOMMER_4c_mit_HG-002-150x150.jpg\" alt=\"\" width=\"150\" height=\"150\">&nbsp;Sommer<\/a><\/td>\n<td style=\"width: 33.3333%;\"><a style=\"color: #13aff0; text-decoration-style: dotted; text-decoration-skip-ink: none;\" href=\"https:\/\/mivatec.ch\/?page_id=120\"><img loading=\"lazy\" decoding=\"async\" class=\"alignnone size-full wp-image-123\" src=\"http:\/\/mivatec.ch\/wp-content\/uploads\/2019\/09\/Licher-loh.logo_.png\" alt=\"\" width=\"137\" height=\"34\">&nbsp;Lichterloh<\/a><\/td>\n<td style=\"width: 33.3333%;\"><a style=\"color: #13aff0; text-decoration-style: dotted; text-decoration-skip-ink: none;\" href=\"https:\/\/mivatec.ch\/?page_id=152\"><img loading=\"lazy\" decoding=\"async\" class=\"alignnone size-thumbnail wp-image-53\" src=\"http:\/\/mivatec.ch\/wp-content\/uploads\/2018\/12\/Schneider-150x41.jpg\" alt=\"\" width=\"150\" height=\"41\">&nbsp;Schneider<\/a><\/td>\n<\/tr>\n<\/tbody>\n<\/table>\n","protected":false},"excerpt":{"rendered":"<p>&nbsp;T\u00fcren &nbsp;Garagentore &nbsp;Beleuchtungen &nbsp;Sommer &nbsp;Lichterloh &nbsp;Schneider<\/p>\n","protected":false},"author":1,"featured_media":0,"parent":0,"menu_order":0,"comment_status":"closed","ping_status":"closed","template":"","meta":{"footnotes":""},"_links":{"self":[{"href":"https:\/\/mivatec.ch\/index.php?rest_route=\/wp\/v2\/pages\/370"}],"collection":[{"href":"https:\/\/mivatec.ch\/index.php?rest_route=\/wp\/v2\/pages"}],"about":[{"href":"https:\/\/mivatec.ch\/index.php?rest_route=\/wp\/v2\/types\/page"}],"author":[{"embeddable":true,"href":"https:\/\/mivatec.ch\/index.php?rest_route=\/wp\/v2\/users\/1"}],"replies":[{"embeddable":true,"href":"https:\/\/mivatec.ch\/index.php?rest_route=%2Fwp%2Fv2%2Fcomments&post=370"}],"version-history":[{"count":7,"href":"https:\/\/mivatec.ch\/index.php?rest_route=\/wp\/v2\/pages\/370\/revisions"}],"predecessor-version":[{"id":385,"href":"https:\/\/mivatec.ch\/index.php?rest_route=\/wp\/v2\/pages\/370\/revisions\/385"}],"wp:attachment":[{"href":"https:\/\/mivatec.ch\/index.php?rest_route=%2Fwp%2Fv2%2Fmedia&parent=370"}],"curies":[{"name":"wp","href":"https:\/\/api.w.org\/{rel}","templated":true}]}}