{"id":202,"date":"2019-09-13T12:12:08","date_gmt":"2019-09-13T12:12:08","guid":{"rendered":"http:\/\/mivatec.kargerinfo.com\/?page_id=202"},"modified":"2019-09-24T19:34:22","modified_gmt":"2019-09-24T19:34:22","slug":"tueren","status":"publish","type":"page","link":"https:\/\/mivatec.ch\/?page_id=202","title":{"rendered":"T\u00fcren"},"content":{"rendered":"\n<table style=\"border-collapse: collapse; width: 81.1862%; height: 286px;\">\n<tbody>\n<tr style=\"height: 21px;\">\n<td style=\"width: 50%; height: 21px;\"><img loading=\"lazy\" decoding=\"async\" class=\"alignnone size-medium wp-image-203\" src=\"http:\/\/mivatec.ch\/wp-content\/uploads\/2019\/09\/12920_fl\u00fcgel\u00fcberdeckend_signalrot-158x300.jpg\" alt=\"\" width=\"158\" height=\"300\" srcset=\"https:\/\/mivatec.ch\/wp-content\/uploads\/2019\/09\/12920_fl\u00fcgel\u00fcberdeckend_signalrot-158x300.jpg 158w, https:\/\/mivatec.ch\/wp-content\/uploads\/2019\/09\/12920_fl\u00fcgel\u00fcberdeckend_signalrot-768x1456.jpg 768w, https:\/\/mivatec.ch\/wp-content\/uploads\/2019\/09\/12920_fl\u00fcgel\u00fcberdeckend_signalrot-540x1024.jpg 540w, https:\/\/mivatec.ch\/wp-content\/uploads\/2019\/09\/12920_fl\u00fcgel\u00fcberdeckend_signalrot.jpg 1632w\" sizes=\"(max-width: 158px) 100vw, 158px\" \/><\/td>\n<td style=\"width: 32.5456%; height: 21px;\"><img loading=\"lazy\" decoding=\"async\" class=\"alignnone size-medium wp-image-204\" src=\"http:\/\/mivatec.ch\/wp-content\/uploads\/2019\/09\/12410_fl\u00fcgel\u00fcberdeckend_wei\u00df_mit-oberlicht-135x300.jpg\" alt=\"\" width=\"135\" height=\"300\" srcset=\"https:\/\/mivatec.ch\/wp-content\/uploads\/2019\/09\/12410_fl\u00fcgel\u00fcberdeckend_wei\u00df_mit-oberlicht-135x300.jpg 135w, https:\/\/mivatec.ch\/wp-content\/uploads\/2019\/09\/12410_fl\u00fcgel\u00fcberdeckend_wei\u00df_mit-oberlicht-768x1703.jpg 768w, https:\/\/mivatec.ch\/wp-content\/uploads\/2019\/09\/12410_fl\u00fcgel\u00fcberdeckend_wei\u00df_mit-oberlicht-462x1024.jpg 462w, https:\/\/mivatec.ch\/wp-content\/uploads\/2019\/09\/12410_fl\u00fcgel\u00fcberdeckend_wei\u00df_mit-oberlicht.jpg 1632w\" sizes=\"(max-width: 135px) 100vw, 135px\" \/><\/td>\n<\/tr>\n<tr style=\"height: 265px;\">\n<td style=\"width: 50%; height: 265px;\">&nbsp;<img loading=\"lazy\" decoding=\"async\" class=\"alignnone size-medium wp-image-205\" src=\"http:\/\/mivatec.ch\/wp-content\/uploads\/2019\/09\/12200_fl\u00fcgel\u00fcberdeckend_wei\u00dfaluminium-158x300.jpg\" alt=\"\" width=\"158\" height=\"300\" srcset=\"https:\/\/mivatec.ch\/wp-content\/uploads\/2019\/09\/12200_fl\u00fcgel\u00fcberdeckend_wei\u00dfaluminium-158x300.jpg 158w, https:\/\/mivatec.ch\/wp-content\/uploads\/2019\/09\/12200_fl\u00fcgel\u00fcberdeckend_wei\u00dfaluminium-768x1456.jpg 768w, https:\/\/mivatec.ch\/wp-content\/uploads\/2019\/09\/12200_fl\u00fcgel\u00fcberdeckend_wei\u00dfaluminium-540x1024.jpg 540w, https:\/\/mivatec.ch\/wp-content\/uploads\/2019\/09\/12200_fl\u00fcgel\u00fcberdeckend_wei\u00dfaluminium.jpg 1632w\" sizes=\"(max-width: 158px) 100vw, 158px\" \/> &nbsp;<\/td>\n<td style=\"width: 32.5456%; height: 265px;\"><img loading=\"lazy\" decoding=\"async\" class=\"alignnone size-medium wp-image-206\" src=\"http:\/\/mivatec.ch\/wp-content\/uploads\/2019\/09\/12260_fl\u00fcgel\u00fcberdeckend_graualuminium-158x300.jpg\" alt=\"\" width=\"158\" height=\"300\" srcset=\"https:\/\/mivatec.ch\/wp-content\/uploads\/2019\/09\/12260_fl\u00fcgel\u00fcberdeckend_graualuminium-158x300.jpg 158w, https:\/\/mivatec.ch\/wp-content\/uploads\/2019\/09\/12260_fl\u00fcgel\u00fcberdeckend_graualuminium-768x1456.jpg 768w, https:\/\/mivatec.ch\/wp-content\/uploads\/2019\/09\/12260_fl\u00fcgel\u00fcberdeckend_graualuminium-540x1024.jpg 540w, https:\/\/mivatec.ch\/wp-content\/uploads\/2019\/09\/12260_fl\u00fcgel\u00fcberdeckend_graualuminium.jpg 1632w\" sizes=\"(max-width: 158px) 100vw, 158px\" \/><\/td>\n<\/tr>\n<\/tbody>\n<\/table>\n<p>&nbsp;&nbsp;&nbsp;<\/p>\n<p>&nbsp;&nbsp;<\/p>\n<p><a href=\"http:\/\/www.mivatec.ch\">-&gt; Zur\u00fcck<\/a><\/p>\n<p>&nbsp;<\/p>\n<p>&nbsp;<\/p>\n<p>&nbsp;<\/p>\n<p>&nbsp;<\/p>\n\n<p>&nbsp;<\/p>\n","protected":false},"excerpt":{"rendered":"<p>&nbsp; &nbsp; &nbsp;&nbsp;&nbsp; &nbsp;&nbsp; -&gt; Zur\u00fcck &nbsp; &nbsp; &nbsp; &nbsp; &nbsp;<\/p>\n","protected":false},"author":1,"featured_media":0,"parent":0,"menu_order":0,"comment_status":"closed","ping_status":"closed","template":"","meta":{"footnotes":""},"_links":{"self":[{"href":"https:\/\/mivatec.ch\/index.php?rest_route=\/wp\/v2\/pages\/202"}],"collection":[{"href":"https:\/\/mivatec.ch\/index.php?rest_route=\/wp\/v2\/pages"}],"about":[{"href":"https:\/\/mivatec.ch\/index.php?rest_route=\/wp\/v2\/types\/page"}],"author":[{"embeddable":true,"href":"https:\/\/mivatec.ch\/index.php?rest_route=\/wp\/v2\/users\/1"}],"replies":[{"embeddable":true,"href":"https:\/\/mivatec.ch\/index.php?rest_route=%2Fwp%2Fv2%2Fcomments&post=202"}],"version-history":[{"count":3,"href":"https:\/\/mivatec.ch\/index.php?rest_route=\/wp\/v2\/pages\/202\/revisions"}],"predecessor-version":[{"id":233,"href":"https:\/\/mivatec.ch\/index.php?rest_route=\/wp\/v2\/pages\/202\/revisions\/233"}],"wp:attachment":[{"href":"https:\/\/mivatec.ch\/index.php?rest_route=%2Fwp%2Fv2%2Fmedia&parent=202"}],"curies":[{"name":"wp","href":"https:\/\/api.w.org\/{rel}","templated":true}]}}