{"id":169,"date":"2019-09-13T11:40:16","date_gmt":"2019-09-13T11:40:16","guid":{"rendered":"http:\/\/mivatec.kargerinfo.com\/?page_id=169"},"modified":"2024-02-28T14:01:24","modified_gmt":"2024-02-28T14:01:24","slug":"impressum-2","status":"publish","type":"page","link":"https:\/\/mivatec.ch\/?page_id=169","title":{"rendered":"Kontakt"},"content":{"rendered":"\n<p>&nbsp;<\/p>\n<table style=\"border-collapse: collapse; width: 92.7461%; height: 10px;\">\n<tbody>\n<tr style=\"height: 21px;\">\n<td style=\"width: 50%; height: 10px;\"><img loading=\"lazy\" decoding=\"async\" class=\"alignnone size-medium wp-image-166\" src=\"http:\/\/mivatec.ch\/wp-content\/uploads\/2019\/09\/Pool-1-300x170.jpg\" alt=\"\" width=\"300\" height=\"170\" srcset=\"https:\/\/mivatec.ch\/wp-content\/uploads\/2019\/09\/Pool-1-300x170.jpg 300w, https:\/\/mivatec.ch\/wp-content\/uploads\/2019\/09\/Pool-1-768x435.jpg 768w, https:\/\/mivatec.ch\/wp-content\/uploads\/2019\/09\/Pool-1-1024x580.jpg 1024w\" sizes=\"(max-width: 300px) 100vw, 300px\" \/><\/td>\n<td style=\"width: 50%; height: 10px;\">\n<p>Telefon: +41 79 405 17 87&nbsp; <br>E-Mail: <a href=\"mailto:info@mivatec.ch\">info@mivatec.ch<\/a><\/p>\n<\/td>\n<\/tr>\n<tr>\n<td style=\"width: 50%;\">\n<h4>Mivatec GmbH<br>Grutweg 3<br>4142 Muttenz<\/h4>\n<\/td>\n<td style=\"width: 50%;\">\n<h4>B\u00fcro:<br>Graub\u00fchlstrasse 21<br>4322 Mumpf<\/h4>\n<\/td>\n<\/tr>\n<\/tbody>\n<\/table>\n<p>&nbsp;<\/p>\n<p><a href=\"http:\/\/www.mivatec.ch\">-&gt; Zur\u00fcck<\/a><\/p>\n","protected":false},"excerpt":{"rendered":"<p>&nbsp; Telefon: +41 79 405 17 87&nbsp; E-Mail: info@mivatec.ch Mivatec GmbHGrutweg 34142 Muttenz B\u00fcro:Graub\u00fchlstrasse 214322 Mumpf &nbsp; -&gt; Zur\u00fcck<\/p>\n","protected":false},"author":1,"featured_media":0,"parent":0,"menu_order":0,"comment_status":"closed","ping_status":"closed","template":"","meta":{"footnotes":""},"_links":{"self":[{"href":"https:\/\/mivatec.ch\/index.php?rest_route=\/wp\/v2\/pages\/169"}],"collection":[{"href":"https:\/\/mivatec.ch\/index.php?rest_route=\/wp\/v2\/pages"}],"about":[{"href":"https:\/\/mivatec.ch\/index.php?rest_route=\/wp\/v2\/types\/page"}],"author":[{"embeddable":true,"href":"https:\/\/mivatec.ch\/index.php?rest_route=\/wp\/v2\/users\/1"}],"replies":[{"embeddable":true,"href":"https:\/\/mivatec.ch\/index.php?rest_route=%2Fwp%2Fv2%2Fcomments&post=169"}],"version-history":[{"count":5,"href":"https:\/\/mivatec.ch\/index.php?rest_route=\/wp\/v2\/pages\/169\/revisions"}],"predecessor-version":[{"id":388,"href":"https:\/\/mivatec.ch\/index.php?rest_route=\/wp\/v2\/pages\/169\/revisions\/388"}],"wp:attachment":[{"href":"https:\/\/mivatec.ch\/index.php?rest_route=%2Fwp%2Fv2%2Fmedia&parent=169"}],"curies":[{"name":"wp","href":"https:\/\/api.w.org\/{rel}","templated":true}]}}